{"id":247,"date":"2025-04-18T20:44:19","date_gmt":"2025-04-18T18:44:19","guid":{"rendered":"https:\/\/www.gao-asianrestaurant.cz\/?page_id=247"},"modified":"2025-05-28T13:28:27","modified_gmt":"2025-05-28T11:28:27","slug":"elementor-247","status":"publish","type":"page","link":"https:\/\/www.gao-asianrestaurant.cz\/index.php\/elementor-247\/","title":{"rendered":"galerie"},"content":{"rendered":"\t\t<div data-elementor-type=\"wp-page\" data-elementor-id=\"247\" class=\"elementor elementor-247\" data-elementor-post-type=\"page\">\n\t\t\t\t<div class=\"elementor-element elementor-element-02e21aa e-flex e-con-boxed e-con e-parent\" data-id=\"02e21aa\" data-element_type=\"container\">\n\t\t\t\t\t<div class=\"e-con-inner\">\n\t\t<div class=\"elementor-element elementor-element-56bd603 e-con-full e-flex e-con e-child\" data-id=\"56bd603\" data-element_type=\"container\">\n\t\t\t\t<div class=\"elementor-element elementor-element-12c3b6f elementor-widget elementor-widget-heading\" data-id=\"12c3b6f\" data-element_type=\"widget\" data-widget_type=\"heading.default\">\n\t\t\t\t<div class=\"elementor-widget-container\">\n\t\t\t\t\t<h2 class=\"elementor-heading-title elementor-size-default\">Jak jsme chystali restauraci<\/h2>\t\t\t\t<\/div>\n\t\t\t\t<\/div>\n\t\t\t\t<\/div>\n\t\t<div class=\"elementor-element elementor-element-9ef85f9 e-con-full e-flex e-con e-child\" data-id=\"9ef85f9\" data-element_type=\"container\">\n\t\t\t\t<div class=\"elementor-element elementor-element-61d8a27 elementor-widget elementor-widget-text-editor\" data-id=\"61d8a27\" data-element_type=\"widget\" data-widget_type=\"text-editor.default\">\n\t\t\t\t<div class=\"elementor-widget-container\">\n\t\t\t\t\t\t\t\t\t<p>Lorem ipsum dolor sit amet, consectetur adipiscing elit. Ut elit tellus, luctus nec ullamcorper mattis, pulvinar dapibus leo.<\/p>\t\t\t\t\t\t\t\t<\/div>\n\t\t\t\t<\/div>\n\t\t\t\t<\/div>\n\t\t\t\t\t<\/div>\n\t\t\t\t<\/div>\n\t\t<div class=\"elementor-element elementor-element-97b7555 e-flex e-con-boxed e-con e-parent\" data-id=\"97b7555\" data-element_type=\"container\">\n\t\t\t\t\t<div class=\"e-con-inner\">\n\t\t\t\t<div class=\"elementor-element elementor-element-49ed143 elementor-widget elementor-widget-gallery\" data-id=\"49ed143\" data-element_type=\"widget\" data-settings=\"{&quot;lazyload&quot;:&quot;yes&quot;,&quot;gallery_layout&quot;:&quot;grid&quot;,&quot;columns&quot;:4,&quot;columns_tablet&quot;:2,&quot;columns_mobile&quot;:1,&quot;gap&quot;:{&quot;unit&quot;:&quot;px&quot;,&quot;size&quot;:10,&quot;sizes&quot;:[]},&quot;gap_tablet&quot;:{&quot;unit&quot;:&quot;px&quot;,&quot;size&quot;:10,&quot;sizes&quot;:[]},&quot;gap_mobile&quot;:{&quot;unit&quot;:&quot;px&quot;,&quot;size&quot;:10,&quot;sizes&quot;:[]},&quot;link_to&quot;:&quot;file&quot;,&quot;aspect_ratio&quot;:&quot;3:2&quot;,&quot;overlay_background&quot;:&quot;yes&quot;,&quot;content_hover_animation&quot;:&quot;fade-in&quot;}\" data-widget_type=\"gallery.default\">\n\t\t\t\t<div class=\"elementor-widget-container\">\n\t\t\t\t\t\t\t<div class=\"elementor-gallery__container\">\n\t\t\t\t\t\t\t<a class=\"e-gallery-item elementor-gallery-item elementor-animated-content\" href=\"https:\/\/www.gao-asianrestaurant.cz\/wp-content\/uploads\/2025\/04\/IMG_20250412_105924732_HDR_AE.webp\" data-elementor-open-lightbox=\"yes\" data-elementor-lightbox-slideshow=\"49ed143\" data-elementor-lightbox-title=\"IMG_20250412_105924732_HDR_AE\" data-e-action-hash=\"#elementor-action%3Aaction%3Dlightbox%26settings%3DeyJpZCI6MjUyLCJ1cmwiOiJodHRwczpcL1wvd3d3Lmdhby1hc2lhbnJlc3RhdXJhbnQuY3pcL3dwLWNvbnRlbnRcL3VwbG9hZHNcLzIwMjVcLzA0XC9JTUdfMjAyNTA0MTJfMTA1OTI0NzMyX0hEUl9BRS53ZWJwIiwic2xpZGVzaG93IjoiNDllZDE0MyJ9\">\n\t\t\t\t\t<div class=\"e-gallery-image elementor-gallery-item__image\" data-thumbnail=\"https:\/\/www.gao-asianrestaurant.cz\/wp-content\/uploads\/2025\/04\/IMG_20250412_105924732_HDR_AE-300x157.webp\" data-width=\"300\" data-height=\"157\" aria-label=\"\" role=\"img\" ><\/div>\n\t\t\t\t\t\t\t\t\t\t\t<div class=\"elementor-gallery-item__overlay\"><\/div>\n\t\t\t\t\t\t\t\t\t\t\t\t\t\t<\/a>\n\t\t\t\t\t\t\t<a class=\"e-gallery-item elementor-gallery-item elementor-animated-content\" href=\"https:\/\/www.gao-asianrestaurant.cz\/wp-content\/uploads\/2025\/04\/IMG_20250413_105105637_HDR-scaled.webp\" data-elementor-open-lightbox=\"yes\" data-elementor-lightbox-slideshow=\"49ed143\" data-elementor-lightbox-title=\"IMG_20250413_105105637_HDR\" data-e-action-hash=\"#elementor-action%3Aaction%3Dlightbox%26settings%3DeyJpZCI6MjUxLCJ1cmwiOiJodHRwczpcL1wvd3d3Lmdhby1hc2lhbnJlc3RhdXJhbnQuY3pcL3dwLWNvbnRlbnRcL3VwbG9hZHNcLzIwMjVcLzA0XC9JTUdfMjAyNTA0MTNfMTA1MTA1NjM3X0hEUi1zY2FsZWQud2VicCIsInNsaWRlc2hvdyI6IjQ5ZWQxNDMifQ%3D%3D\">\n\t\t\t\t\t<div class=\"e-gallery-image elementor-gallery-item__image\" data-thumbnail=\"https:\/\/www.gao-asianrestaurant.cz\/wp-content\/uploads\/2025\/04\/IMG_20250413_105105637_HDR-300x225.webp\" data-width=\"300\" data-height=\"225\" aria-label=\"\" role=\"img\" ><\/div>\n\t\t\t\t\t\t\t\t\t\t\t<div class=\"elementor-gallery-item__overlay\"><\/div>\n\t\t\t\t\t\t\t\t\t\t\t\t\t\t<\/a>\n\t\t\t\t\t\t\t<a class=\"e-gallery-item elementor-gallery-item elementor-animated-content\" href=\"https:\/\/www.gao-asianrestaurant.cz\/wp-content\/uploads\/2025\/04\/IMG_20250413_105056172_HDR-scaled.webp\" data-elementor-open-lightbox=\"yes\" data-elementor-lightbox-slideshow=\"49ed143\" data-elementor-lightbox-title=\"IMG_20250413_105056172_HDR\" data-e-action-hash=\"#elementor-action%3Aaction%3Dlightbox%26settings%3DeyJpZCI6MjUwLCJ1cmwiOiJodHRwczpcL1wvd3d3Lmdhby1hc2lhbnJlc3RhdXJhbnQuY3pcL3dwLWNvbnRlbnRcL3VwbG9hZHNcLzIwMjVcLzA0XC9JTUdfMjAyNTA0MTNfMTA1MDU2MTcyX0hEUi1zY2FsZWQud2VicCIsInNsaWRlc2hvdyI6IjQ5ZWQxNDMifQ%3D%3D\">\n\t\t\t\t\t<div class=\"e-gallery-image elementor-gallery-item__image\" data-thumbnail=\"https:\/\/www.gao-asianrestaurant.cz\/wp-content\/uploads\/2025\/04\/IMG_20250413_105056172_HDR-300x225.webp\" data-width=\"300\" data-height=\"225\" aria-label=\"\" role=\"img\" ><\/div>\n\t\t\t\t\t\t\t\t\t\t\t<div class=\"elementor-gallery-item__overlay\"><\/div>\n\t\t\t\t\t\t\t\t\t\t\t\t\t\t<\/a>\n\t\t\t\t\t\t\t<a class=\"e-gallery-item elementor-gallery-item elementor-animated-content\" href=\"https:\/\/www.gao-asianrestaurant.cz\/wp-content\/uploads\/2025\/04\/IMG_20250413_105144901_HDR-scaled.webp\" data-elementor-open-lightbox=\"yes\" data-elementor-lightbox-slideshow=\"49ed143\" data-elementor-lightbox-title=\"IMG_20250413_105144901_HDR\" data-e-action-hash=\"#elementor-action%3Aaction%3Dlightbox%26settings%3DeyJpZCI6MjQ5LCJ1cmwiOiJodHRwczpcL1wvd3d3Lmdhby1hc2lhbnJlc3RhdXJhbnQuY3pcL3dwLWNvbnRlbnRcL3VwbG9hZHNcLzIwMjVcLzA0XC9JTUdfMjAyNTA0MTNfMTA1MTQ0OTAxX0hEUi1zY2FsZWQud2VicCIsInNsaWRlc2hvdyI6IjQ5ZWQxNDMifQ%3D%3D\">\n\t\t\t\t\t<div class=\"e-gallery-image elementor-gallery-item__image\" data-thumbnail=\"https:\/\/www.gao-asianrestaurant.cz\/wp-content\/uploads\/2025\/04\/IMG_20250413_105144901_HDR-300x225.webp\" data-width=\"300\" data-height=\"225\" aria-label=\"\" role=\"img\" ><\/div>\n\t\t\t\t\t\t\t\t\t\t\t<div class=\"elementor-gallery-item__overlay\"><\/div>\n\t\t\t\t\t\t\t\t\t\t\t\t\t\t<\/a>\n\t\t\t\t\t<\/div>\n\t\t\t\t\t<\/div>\n\t\t\t\t<\/div>\n\t\t\t\t\t<\/div>\n\t\t\t\t<\/div>\n\t\t<div class=\"elementor-element elementor-element-f4d6a06 e-flex e-con-boxed e-con e-parent\" data-id=\"f4d6a06\" data-element_type=\"container\">\n\t\t\t\t\t<div class=\"e-con-inner\">\n\t\t<div class=\"elementor-element elementor-element-72d579d e-con-full e-flex e-con e-child\" data-id=\"72d579d\" data-element_type=\"container\">\n\t\t\t\t<div class=\"elementor-element elementor-element-6ecc685 elementor-widget elementor-widget-heading\" data-id=\"6ecc685\" data-element_type=\"widget\" data-widget_type=\"heading.default\">\n\t\t\t\t<div class=\"elementor-widget-container\">\n\t\t\t\t\t<h2 class=\"elementor-heading-title elementor-size-default\">J\u00eddla kter\u00e1 u n\u00e1s ochutn\u00e1te<\/h2>\t\t\t\t<\/div>\n\t\t\t\t<\/div>\n\t\t\t\t<\/div>\n\t\t<div class=\"elementor-element elementor-element-0b915d1 e-con-full e-flex e-con e-child\" data-id=\"0b915d1\" data-element_type=\"container\">\n\t\t\t\t<div class=\"elementor-element elementor-element-94bf699 elementor-widget elementor-widget-text-editor\" data-id=\"94bf699\" data-element_type=\"widget\" data-widget_type=\"text-editor.default\">\n\t\t\t\t<div class=\"elementor-widget-container\">\n\t\t\t\t\t\t\t\t\t<p>zde si postupn\u011b prohl\u00e9dnete j\u00eddla, kter\u00e1 u n\u00e1s m\u016f\u017eete ochutnat<\/p>\t\t\t\t\t\t\t\t<\/div>\n\t\t\t\t<\/div>\n\t\t\t\t<\/div>\n\t\t\t\t\t<\/div>\n\t\t\t\t<\/div>\n\t\t<div class=\"elementor-element elementor-element-dbb8d7d e-flex e-con-boxed e-con e-parent\" data-id=\"dbb8d7d\" data-element_type=\"container\">\n\t\t\t\t\t<div class=\"e-con-inner\">\n\t\t\t\t<div class=\"elementor-element elementor-element-e4e2b54 elementor-widget elementor-widget-image-gallery\" data-id=\"e4e2b54\" data-element_type=\"widget\" data-widget_type=\"image-gallery.default\">\n\t\t\t\t<div class=\"elementor-widget-container\">\n\t\t\t\t\t\t\t<div class=\"elementor-image-gallery\">\n\t\t\t<div id='gallery-1' class='gallery galleryid-247 gallery-columns-6 gallery-size-thumbnail'><figure class='gallery-item'>\n\t\t\t<div class='gallery-icon landscape'>\n\t\t\t\t<a data-elementor-open-lightbox=\"yes\" data-elementor-lightbox-slideshow=\"e4e2b54\" data-elementor-lightbox-title=\"p\u00e1nev_web_b\" data-e-action-hash=\"#elementor-action%3Aaction%3Dlightbox%26settings%3DeyJpZCI6MTgwLCJ1cmwiOiJodHRwczpcL1wvd3d3Lmdhby1hc2lhbnJlc3RhdXJhbnQuY3pcL3dwLWNvbnRlbnRcL3VwbG9hZHNcLzIwMjVcLzA0XC9wYW5ldl93ZWJfYi1zY2FsZWQud2VicCIsInNsaWRlc2hvdyI6ImU0ZTJiNTQifQ%3D%3D\" href='https:\/\/www.gao-asianrestaurant.cz\/wp-content\/uploads\/2025\/04\/panev_web_b-scaled.webp'><img decoding=\"async\" width=\"150\" height=\"150\" src=\"https:\/\/www.gao-asianrestaurant.cz\/wp-content\/uploads\/2025\/04\/panev_web_b-150x150.webp\" class=\"attachment-thumbnail size-thumbnail\" alt=\"\" \/><\/a>\n\t\t\t<\/div><\/figure>\n\t\t<\/div>\n\t\t<\/div>\n\t\t\t\t\t\t<\/div>\n\t\t\t\t<\/div>\n\t\t\t\t\t<\/div>\n\t\t\t\t<\/div>\n\t\t\t\t<\/div>\n\t\t","protected":false},"excerpt":{"rendered":"<p>Jak jsme chystali restauraci Lorem ipsum dolor sit amet, consectetur adipiscing elit. Ut elit tellus, luctus nec ullamcorper mattis, pulvinar dapibus leo. J\u00eddla kter\u00e1 u n\u00e1s ochutn\u00e1te zde si postupn\u011b prohl\u00e9dnete j\u00eddla, kter\u00e1 u n\u00e1s m\u016f\u017eete ochutnat<\/p>\n","protected":false},"author":1,"featured_media":0,"parent":0,"menu_order":0,"comment_status":"closed","ping_status":"closed","template":"elementor_header_footer","meta":{"footnotes":""},"class_list":["post-247","page","type-page","status-publish","hentry"],"_links":{"self":[{"href":"https:\/\/www.gao-asianrestaurant.cz\/index.php\/wp-json\/wp\/v2\/pages\/247","targetHints":{"allow":["GET"]}}],"collection":[{"href":"https:\/\/www.gao-asianrestaurant.cz\/index.php\/wp-json\/wp\/v2\/pages"}],"about":[{"href":"https:\/\/www.gao-asianrestaurant.cz\/index.php\/wp-json\/wp\/v2\/types\/page"}],"author":[{"embeddable":true,"href":"https:\/\/www.gao-asianrestaurant.cz\/index.php\/wp-json\/wp\/v2\/users\/1"}],"replies":[{"embeddable":true,"href":"https:\/\/www.gao-asianrestaurant.cz\/index.php\/wp-json\/wp\/v2\/comments?post=247"}],"version-history":[{"count":21,"href":"https:\/\/www.gao-asianrestaurant.cz\/index.php\/wp-json\/wp\/v2\/pages\/247\/revisions"}],"predecessor-version":[{"id":427,"href":"https:\/\/www.gao-asianrestaurant.cz\/index.php\/wp-json\/wp\/v2\/pages\/247\/revisions\/427"}],"wp:attachment":[{"href":"https:\/\/www.gao-asianrestaurant.cz\/index.php\/wp-json\/wp\/v2\/media?parent=247"}],"curies":[{"name":"wp","href":"https:\/\/api.w.org\/{rel}","templated":true}]}}